{"id":68,"date":"2020-03-14T11:56:24","date_gmt":"2020-03-14T10:56:24","guid":{"rendered":"http:\/\/192.168.1.6\/wordpress\/?page_id=68"},"modified":"2024-11-29T13:44:59","modified_gmt":"2024-11-29T12:44:59","slug":"orchestre-opus76","status":"publish","type":"page","link":"https:\/\/opus76.fr\/","title":{"rendered":"Accueil"},"content":{"rendered":"<p>[et_pb_section fb_built=\u00a0\u00bb1&Prime; _builder_version=\u00a0\u00bb4.16&Prime; background_color=\u00a0\u00bb#E09900&Prime; background_image=\u00a0\u00bbhttps:\/\/opus76.fr\/wp-content\/uploads\/2020\/04\/version-flou.png\u00a0\u00bb parallax=\u00a0\u00bbon\u00a0\u00bb min_height=\u00a0\u00bb130px\u00a0\u00bb custom_margin_tablet=\u00a0\u00bb\u00a0\u00bb custom_margin_phone=\u00a0\u00bb||-56px||false|false\u00a0\u00bb custom_margin_last_edited=\u00a0\u00bbon|phone\u00a0\u00bb custom_padding=\u00a0\u00bb||0px|||\u00a0\u00bb global_colors_info=\u00a0\u00bb{}\u00a0\u00bb][et_pb_row _builder_version=\u00a0\u00bb4.16&Prime; min_height=\u00a0\u00bb124px\u00a0\u00bb custom_padding=\u00a0\u00bb0px|||||\u00a0\u00bb filter_brightness=\u00a0\u00bb502%\u00a0\u00bb filter_contrast=\u00a0\u00bb115%\u00a0\u00bb global_colors_info=\u00a0\u00bb{}\u00a0\u00bb][et_pb_column type=\u00a0\u00bb4_4&Prime; _builder_version=\u00a0\u00bb4.16&Prime; global_colors_info=\u00a0\u00bb{}\u00a0\u00bb][et_pb_text content_tablet=\u00a0\u00bb <\/p>\n<p><span><\/span><\/p>\n<p><span><strong>ORCHESTRE OPUS76<\/strong><\/span>\u00a0\u00bb content_phone=\u00a0\u00bb<\/p>\n<p><span><strong><span>ORCHESTRE <\/span><\/strong><\/span><\/p>\n<p><span><strong><span>OPUS76<\/span><\/strong><\/span><\/p>\n<p>\u00a0\u00bb content_last_edited=\u00a0\u00bbon|phone\u00a0\u00bb _builder_version=\u00a0\u00bb4.22.2&Prime; text_text_color=\u00a0\u00bb#E09900&Prime; text_font_size=\u00a0\u00bb13px\u00a0\u00bb background_enable_image=\u00a0\u00bboff\u00a0\u00bb parallax=\u00a0\u00bbon\u00a0\u00bb text_orientation=\u00a0\u00bbcenter\u00a0\u00bb min_height=\u00a0\u00bb125px\u00a0\u00bb custom_margin=\u00a0\u00bb-34px|||||\u00a0\u00bb custom_padding=\u00a0\u00bb2px|1px|23px|||\u00a0\u00bb animation_style=\u00a0\u00bbfade\u00a0\u00bb text_text_shadow_style=\u00a0\u00bbpreset3&Prime; border_color_all=\u00a0\u00bb#000000&Prime; global_colors_info=\u00a0\u00bb{}\u00a0\u00bb]<\/p>\n<p>&nbsp;<\/p>\n<p><span style=\"font-size: 72px; color: #2d2000;\"><\/span><\/p>\n<p><span style=\"font-size: 72px; color: #2d2000;\"><strong>ORCHESTRE OPUS 76<\/strong><\/span><\/p>\n<p>[\/et_pb_text][\/et_pb_column][\/et_pb_row][\/et_pb_section][et_pb_section fb_built=\u00a0\u00bb1&Prime; _builder_version=\u00a0\u00bb4.22.2&Prime; background_color=\u00a0\u00bbrgba(249,244,237,0.76)\u00a0\u00bb background_enable_image=\u00a0\u00bboff\u00a0\u00bb parallax=\u00a0\u00bbon\u00a0\u00bb min_height=\u00a0\u00bb271px\u00a0\u00bb custom_padding=\u00a0\u00bb||0px|||\u00a0\u00bb animation_style=\u00a0\u00bbbounce\u00a0\u00bb animation_duration=\u00a0\u00bb1900ms\u00a0\u00bb hover_enabled=\u00a0\u00bb0&Prime; global_colors_info=\u00a0\u00bb{}\u00a0\u00bb sticky_enabled=\u00a0\u00bb0&Prime;][et_pb_row column_structure=\u00a0\u00bb1_2,1_2&Prime; _builder_version=\u00a0\u00bb4.16&Prime; custom_margin=\u00a0\u00bb|auto|-27px|auto||\u00a0\u00bb custom_margin_tablet=\u00a0\u00bb\u00a0\u00bb custom_margin_phone=\u00a0\u00bb-60px|auto|-31px|auto|false|false\u00a0\u00bb custom_margin_last_edited=\u00a0\u00bbon|phone\u00a0\u00bb custom_padding=\u00a0\u00bb||6px|||\u00a0\u00bb border_color_all=\u00a0\u00bb#000000&Prime; global_colors_info=\u00a0\u00bb{}\u00a0\u00bb][et_pb_column type=\u00a0\u00bb1_2&Prime; _builder_version=\u00a0\u00bb4.16&Prime; global_colors_info=\u00a0\u00bb{}\u00a0\u00bb][et_pb_text _builder_version=\u00a0\u00bb4.16&Prime; inline_fonts=\u00a0\u00bbAlata\u00a0\u00bb global_colors_info=\u00a0\u00bb{}\u00a0\u00bb]<\/p>\n<p><span style=\"font-size: x-large;font-family: Alata;font-weight: normal\"><strong>NOS PROCHAINS CONCERTS :<\/strong><\/span><\/p>\n<p><span style=\"font-size: x-large;font-family: Alata;font-weight: normal\"><strong>Suivez-nous sur <a href=\"https:\/\/www.facebook.com\/orchestreopus76\/?locale=fr_FR\">FaceBook<\/a> !<\/strong><\/span><\/p>\n<p><span style=\"font-size: x-large;font-family: Alata;font-weight: normal\"><strong><\/strong><\/span><\/p>\n<p><span style=\"font-size: x-large;font-family: Alata;font-weight: normal\"><strong><\/strong><\/span><\/p>\n<p>[\/et_pb_text][et_pb_code raw_content_tablet=\u00a0\u00bb%91events-calendar-templates category=%22all%22 template=%22default%22 style=%22style-3%22 date_format=%22default%22 start_date=%22%22 end_date=%22%22 limit=%222%22 order=%22ASC%22 hide-venue=%22no%22 time=%22future%22%93&Prime; raw_content_phone=\u00a0\u00bb%91events-calendar-templates category=%22all%22 template=%22default%22 style=%22style-3%22 date_format=%22default%22 start_date=%22%22 end_date=%22%22 limit=%222%22 order=%22ASC%22 hide-venue=%22no%22 time=%22future%22%93&Prime; raw_content_last_edited=\u00a0\u00bbon|tablet\u00a0\u00bb disabled_on=\u00a0\u00bbon|on|on\u00a0\u00bb _builder_version=\u00a0\u00bb4.16&Prime; width=\u00a0\u00bb100%\u00a0\u00bb max_width=\u00a0\u00bb120%\u00a0\u00bb min_height=\u00a0\u00bb366px\u00a0\u00bb min_height_tablet=\u00a0\u00bb\u00a0\u00bb min_height_phone=\u00a0\u00bb\u00a0\u00bb min_height_last_edited=\u00a0\u00bbon|tablet\u00a0\u00bb custom_margin=\u00a0\u00bb-64px|-32px|0px|-91px|false|false\u00a0\u00bb custom_margin_tablet=\u00a0\u00bb-76px||-30px|-25px|false|false\u00a0\u00bb custom_margin_phone=\u00a0\u00bb-69px|-32px|0px|-8px|false|false\u00a0\u00bb custom_margin_last_edited=\u00a0\u00bbon|tablet\u00a0\u00bb custom_padding=\u00a0\u00bb96px|0px|0px|0px|false|false\u00a0\u00bb custom_padding_tablet=\u00a0\u00bb\u00a0\u00bb custom_padding_phone=\u00a0\u00bb||0px||false|false\u00a0\u00bb custom_padding_last_edited=\u00a0\u00bbon|phone\u00a0\u00bb disabled=\u00a0\u00bbon\u00a0\u00bb global_colors_info=\u00a0\u00bb{}\u00a0\u00bb custom_css_after__hover_enabled=\u00a0\u00bboff|desktop\u00a0\u00bb raw_content__hover_enabled=\u00a0\u00bbon|desktop\u00a0\u00bb]\t<div id=\"ect-no-events\"><p>There are no upcoming events at this time<\/p><\/div>[\/et_pb_code][\/et_pb_column][et_pb_column type=\u00a0\u00bb1_2&Prime; _builder_version=\u00a0\u00bb4.16&Prime; global_colors_info=\u00a0\u00bb{}\u00a0\u00bb][et_pb_text _builder_version=\u00a0\u00bb4.16&Prime; custom_padding=\u00a0\u00bb1px|||||\u00a0\u00bb inline_fonts=\u00a0\u00bbAlata\u00a0\u00bb global_colors_info=\u00a0\u00bb{}\u00a0\u00bb]<\/p>\n<p><span style=\"font-size: x-large;font-family: Alata;font-weight: normal\"><strong>L&rsquo;ACTUALIT<b>\u00c9<\/b> DE L&rsquo;ORCHESTRE :<\/strong><\/span><\/p>\n<p><span style=\"font-size: x-large;font-family: Alata;font-weight: normal\"><strong><\/strong><\/span><\/p>\n<p>[\/et_pb_text][et_pb_blog posts_number=\u00a0\u00bb2&Prime; excerpt_length=\u00a0\u00bb100&Prime; show_author=\u00a0\u00bboff\u00a0\u00bb show_date=\u00a0\u00bboff\u00a0\u00bb show_categories=\u00a0\u00bboff\u00a0\u00bb _builder_version=\u00a0\u00bb4.22.2&Prime; min_height=\u00a0\u00bb107px\u00a0\u00bb custom_padding=\u00a0\u00bb||0px|||\u00a0\u00bb global_colors_info=\u00a0\u00bb{}\u00a0\u00bb][\/et_pb_blog][\/et_pb_column][\/et_pb_row][\/et_pb_section][et_pb_section fb_built=\u00a0\u00bb1&Prime; _builder_version=\u00a0\u00bb4.16&Prime; background_color=\u00a0\u00bb#932A1A\u00a0\u00bb background_enable_image=\u00a0\u00bboff\u00a0\u00bb width=\u00a0\u00bb100%\u00a0\u00bb min_height=\u00a0\u00bb296px\u00a0\u00bb custom_margin=\u00a0\u00bb-12px|622px||||\u00a0\u00bb custom_padding=\u00a0\u00bb0px||4px|||\u00a0\u00bb global_colors_info=\u00a0\u00bb{}\u00a0\u00bb][et_pb_row _builder_version=\u00a0\u00bb4.16&Prime; min_height=\u00a0\u00bb110px\u00a0\u00bb custom_margin=\u00a0\u00bb30px|auto||auto||\u00a0\u00bb custom_padding=\u00a0\u00bb|||0px||\u00a0\u00bb global_colors_info=\u00a0\u00bb{}\u00a0\u00bb][et_pb_column type=\u00a0\u00bb4_4&Prime; _builder_version=\u00a0\u00bb4.16&Prime; global_colors_info=\u00a0\u00bb{}\u00a0\u00bb][et_pb_text _builder_version=\u00a0\u00bb4.16&Prime; text_font_size=\u00a0\u00bb100px\u00a0\u00bb text_letter_spacing=\u00a0\u00bb2px\u00a0\u00bb min_height=\u00a0\u00bb73px\u00a0\u00bb custom_margin=\u00a0\u00bb-33px|||||\u00a0\u00bb custom_padding=\u00a0\u00bb||35px|||\u00a0\u00bb animation_style=\u00a0\u00bbflip\u00a0\u00bb global_colors_info=\u00a0\u00bb{}\u00a0\u00bb]<span style=\"color: #ff9900;font-size: xx-large\"><b>EN VID\u00c9OS :<\/b><\/span>[\/et_pb_text][\/et_pb_column][\/et_pb_row][et_pb_row column_structure=\u00a0\u00bb1_3,1_3,1_3&Prime; _builder_version=\u00a0\u00bb4.16&Prime; min_height=\u00a0\u00bb142px\u00a0\u00bb custom_margin=\u00a0\u00bb-61px|auto|19px|auto||\u00a0\u00bb custom_padding=\u00a0\u00bb||39px|||\u00a0\u00bb animation_style=\u00a0\u00bbzoom\u00a0\u00bb global_colors_info=\u00a0\u00bb{}\u00a0\u00bb][et_pb_column type=\u00a0\u00bb1_3&Prime; _builder_version=\u00a0\u00bb4.16&Prime; global_colors_info=\u00a0\u00bb{}\u00a0\u00bb][et_pb_video src=\u00a0\u00bbhttps:\/\/www.youtube.com\/watch?v=UkuWsAfjlGk&#038;ab_channel=OrchestreOpus76&Prime; _builder_version=\u00a0\u00bb4.16&Prime; min_height=\u00a0\u00bb154px\u00a0\u00bb global_colors_info=\u00a0\u00bb{}\u00a0\u00bb][\/et_pb_video][\/et_pb_column][et_pb_column type=\u00a0\u00bb1_3&Prime; _builder_version=\u00a0\u00bb4.16&Prime; global_colors_info=\u00a0\u00bb{}\u00a0\u00bb][et_pb_video src=\u00a0\u00bbhttps:\/\/www.youtube.com\/watch?v=OTlWtknHHbc\u00a0\u00bb _builder_version=\u00a0\u00bb4.16&Prime; animation_style=\u00a0\u00bbzoom\u00a0\u00bb global_colors_info=\u00a0\u00bb{}\u00a0\u00bb][\/et_pb_video][\/et_pb_column][et_pb_column type=\u00a0\u00bb1_3&Prime; _builder_version=\u00a0\u00bb4.16&Prime; global_colors_info=\u00a0\u00bb{}\u00a0\u00bb][et_pb_video src=\u00a0\u00bbhttps:\/\/www.youtube.com\/watch?v=YJpwpOmqdz8&Prime; _builder_version=\u00a0\u00bb4.16&Prime; animation_style=\u00a0\u00bbzoom\u00a0\u00bb global_colors_info=\u00a0\u00bb{}\u00a0\u00bb][\/et_pb_video][\/et_pb_column][\/et_pb_row][\/et_pb_section]<\/p>\n","protected":false},"excerpt":{"rendered":"<p>&nbsp; ORCHESTRE OPUS 76NOS PROCHAINS CONCERTS : Suivez-nous sur FaceBook ! <div id=\"ect-no-events\"><p>There are no upcoming events at this time<\/p><\/div>L&rsquo;ACTUALIT\u00c9 DE L&rsquo;ORCHESTRE : EN VID\u00c9OS :<\/p>\n","protected":false},"author":13,"featured_media":232,"parent":0,"menu_order":0,"comment_status":"closed","ping_status":"closed","template":"","meta":{"_et_pb_use_builder":"on","_et_pb_old_content":"","_et_gb_content_width":"","footnotes":""},"class_list":["post-68","page","type-page","status-publish","has-post-thumbnail","hentry"],"yoast_head":"<!-- This site is optimized with the Yoast SEO plugin v27.2 - https:\/\/yoast.com\/product\/yoast-seo-wordpress\/ -->\n<title>Page d&#039;Accueil &#8211; Opus76<\/title>\n<meta name=\"description\" content=\"L\u2019orchestre amateur et universitaire de rouen : Opus 76 est un ensemble symphonique n\u00e9 en septembre 2010, r\u00e9unissant une soixantaine de musiciens amateurs de tous \u00e2ges (de 17 \u00e0 77 ans!).\" \/>\n<meta name=\"robots\" content=\"index, follow, max-snippet:-1, max-image-preview:large, max-video-preview:-1\" \/>\n<link rel=\"canonical\" href=\"https:\/\/opus76.fr\" \/>\n<meta property=\"og:locale\" content=\"fr_FR\" \/>\n<meta property=\"og:type\" content=\"article\" \/>\n<meta property=\"og:title\" content=\"Page d&#039;Accueil &#8211; Opus76\" \/>\n<meta property=\"og:description\" content=\"L\u2019orchestre amateur et universitaire de rouen : Opus 76 est un ensemble symphonique n\u00e9 en septembre 2010, r\u00e9unissant une soixantaine de musiciens amateurs de tous \u00e2ges (de 17 \u00e0 77 ans!).\" \/>\n<meta property=\"og:url\" content=\"https:\/\/opus76.fr\" \/>\n<meta property=\"og:site_name\" content=\"Opus76\" \/>\n<meta property=\"article:publisher\" content=\"https:\/\/fr-fr.facebook.com\/orchestreopus76\/\" \/>\n<meta property=\"article:modified_time\" content=\"2024-11-29T12:44:59+00:00\" \/>\n<meta name=\"twitter:card\" content=\"summary_large_image\" \/>\n<meta name=\"twitter:label1\" content=\"Dur\u00e9e de lecture estim\u00e9e\" \/>\n\t<meta name=\"twitter:data1\" content=\"4 minutes\" \/>\n<script type=\"application\/ld+json\" class=\"yoast-schema-graph\">{\"@context\":\"https:\/\/schema.org\",\"@graph\":[{\"@type\":\"WebPage\",\"@id\":\"https:\/\/opus76.fr\/\",\"url\":\"https:\/\/opus76.fr\",\"name\":\"Page d'Accueil &#8211; Opus76\",\"isPartOf\":{\"@id\":\"https:\/\/opus76.fr\/#website\"},\"primaryImageOfPage\":{\"@id\":\"https:\/\/opus76.fr#primaryimage\"},\"image\":{\"@id\":\"https:\/\/opus76.fr#primaryimage\"},\"thumbnailUrl\":\"\",\"datePublished\":\"2020-03-14T10:56:24+00:00\",\"dateModified\":\"2024-11-29T12:44:59+00:00\",\"description\":\"L\u2019orchestre amateur et universitaire de rouen : Opus 76 est un ensemble symphonique n\u00e9 en septembre 2010, r\u00e9unissant une soixantaine de musiciens amateurs de tous \u00e2ges (de 17 \u00e0 77 ans!).\",\"breadcrumb\":{\"@id\":\"https:\/\/opus76.fr#breadcrumb\"},\"inLanguage\":\"fr-FR\",\"potentialAction\":[{\"@type\":\"ReadAction\",\"target\":[\"https:\/\/opus76.fr\"]}]},{\"@type\":\"ImageObject\",\"inLanguage\":\"fr-FR\",\"@id\":\"https:\/\/opus76.fr#primaryimage\",\"url\":\"\",\"contentUrl\":\"\"},{\"@type\":\"BreadcrumbList\",\"@id\":\"https:\/\/opus76.fr#breadcrumb\",\"itemListElement\":[{\"@type\":\"ListItem\",\"position\":1,\"name\":\"Accueil\",\"item\":\"https:\/\/opus76.fr\/\"},{\"@type\":\"ListItem\",\"position\":2,\"name\":\"Accueil\"}]},{\"@type\":\"WebSite\",\"@id\":\"https:\/\/opus76.fr\/#website\",\"url\":\"https:\/\/opus76.fr\/\",\"name\":\"Opus76\",\"description\":\"Orchestre Opus76\",\"publisher\":{\"@id\":\"https:\/\/opus76.fr\/#organization\"},\"potentialAction\":[{\"@type\":\"SearchAction\",\"target\":{\"@type\":\"EntryPoint\",\"urlTemplate\":\"https:\/\/opus76.fr\/?s={search_term_string}\"},\"query-input\":{\"@type\":\"PropertyValueSpecification\",\"valueRequired\":true,\"valueName\":\"search_term_string\"}}],\"inLanguage\":\"fr-FR\"},{\"@type\":\"Organization\",\"@id\":\"https:\/\/opus76.fr\/#organization\",\"name\":\"Opus76\",\"url\":\"https:\/\/opus76.fr\/\",\"logo\":{\"@type\":\"ImageObject\",\"inLanguage\":\"fr-FR\",\"@id\":\"https:\/\/opus76.fr\/#\/schema\/logo\/image\/\",\"url\":\"https:\/\/opus76.fr\/wp-content\/uploads\/2020\/04\/6d92a5_be1233b51c6b4b85602fc07cd2ff4082.jpg\",\"contentUrl\":\"https:\/\/opus76.fr\/wp-content\/uploads\/2020\/04\/6d92a5_be1233b51c6b4b85602fc07cd2ff4082.jpg\",\"width\":1718,\"height\":1330,\"caption\":\"Opus76\"},\"image\":{\"@id\":\"https:\/\/opus76.fr\/#\/schema\/logo\/image\/\"},\"sameAs\":[\"https:\/\/fr-fr.facebook.com\/orchestreopus76\/\",\"https:\/\/www.instagram.com\/orchestreopus76\/\",\"https:\/\/www.youtube.com\/user\/OrchestreOpus76\"]}]}<\/script>\n<!-- \/ Yoast SEO plugin. -->","yoast_head_json":{"title":"Page d'Accueil &#8211; Opus76","description":"L\u2019orchestre amateur et universitaire de rouen : Opus 76 est un ensemble symphonique n\u00e9 en septembre 2010, r\u00e9unissant une soixantaine de musiciens amateurs de tous \u00e2ges (de 17 \u00e0 77 ans!).","robots":{"index":"index","follow":"follow","max-snippet":"max-snippet:-1","max-image-preview":"max-image-preview:large","max-video-preview":"max-video-preview:-1"},"canonical":"https:\/\/opus76.fr","og_locale":"fr_FR","og_type":"article","og_title":"Page d'Accueil &#8211; Opus76","og_description":"L\u2019orchestre amateur et universitaire de rouen : Opus 76 est un ensemble symphonique n\u00e9 en septembre 2010, r\u00e9unissant une soixantaine de musiciens amateurs de tous \u00e2ges (de 17 \u00e0 77 ans!).","og_url":"https:\/\/opus76.fr","og_site_name":"Opus76","article_publisher":"https:\/\/fr-fr.facebook.com\/orchestreopus76\/","article_modified_time":"2024-11-29T12:44:59+00:00","twitter_card":"summary_large_image","twitter_misc":{"Dur\u00e9e de lecture estim\u00e9e":"4 minutes"},"schema":{"@context":"https:\/\/schema.org","@graph":[{"@type":"WebPage","@id":"https:\/\/opus76.fr\/","url":"https:\/\/opus76.fr","name":"Page d'Accueil &#8211; Opus76","isPartOf":{"@id":"https:\/\/opus76.fr\/#website"},"primaryImageOfPage":{"@id":"https:\/\/opus76.fr#primaryimage"},"image":{"@id":"https:\/\/opus76.fr#primaryimage"},"thumbnailUrl":"","datePublished":"2020-03-14T10:56:24+00:00","dateModified":"2024-11-29T12:44:59+00:00","description":"L\u2019orchestre amateur et universitaire de rouen : Opus 76 est un ensemble symphonique n\u00e9 en septembre 2010, r\u00e9unissant une soixantaine de musiciens amateurs de tous \u00e2ges (de 17 \u00e0 77 ans!).","breadcrumb":{"@id":"https:\/\/opus76.fr#breadcrumb"},"inLanguage":"fr-FR","potentialAction":[{"@type":"ReadAction","target":["https:\/\/opus76.fr"]}]},{"@type":"ImageObject","inLanguage":"fr-FR","@id":"https:\/\/opus76.fr#primaryimage","url":"","contentUrl":""},{"@type":"BreadcrumbList","@id":"https:\/\/opus76.fr#breadcrumb","itemListElement":[{"@type":"ListItem","position":1,"name":"Accueil","item":"https:\/\/opus76.fr\/"},{"@type":"ListItem","position":2,"name":"Accueil"}]},{"@type":"WebSite","@id":"https:\/\/opus76.fr\/#website","url":"https:\/\/opus76.fr\/","name":"Opus76","description":"Orchestre Opus76","publisher":{"@id":"https:\/\/opus76.fr\/#organization"},"potentialAction":[{"@type":"SearchAction","target":{"@type":"EntryPoint","urlTemplate":"https:\/\/opus76.fr\/?s={search_term_string}"},"query-input":{"@type":"PropertyValueSpecification","valueRequired":true,"valueName":"search_term_string"}}],"inLanguage":"fr-FR"},{"@type":"Organization","@id":"https:\/\/opus76.fr\/#organization","name":"Opus76","url":"https:\/\/opus76.fr\/","logo":{"@type":"ImageObject","inLanguage":"fr-FR","@id":"https:\/\/opus76.fr\/#\/schema\/logo\/image\/","url":"https:\/\/opus76.fr\/wp-content\/uploads\/2020\/04\/6d92a5_be1233b51c6b4b85602fc07cd2ff4082.jpg","contentUrl":"https:\/\/opus76.fr\/wp-content\/uploads\/2020\/04\/6d92a5_be1233b51c6b4b85602fc07cd2ff4082.jpg","width":1718,"height":1330,"caption":"Opus76"},"image":{"@id":"https:\/\/opus76.fr\/#\/schema\/logo\/image\/"},"sameAs":["https:\/\/fr-fr.facebook.com\/orchestreopus76\/","https:\/\/www.instagram.com\/orchestreopus76\/","https:\/\/www.youtube.com\/user\/OrchestreOpus76"]}]}},"_links":{"self":[{"href":"https:\/\/opus76.fr\/index.php\/wp-json\/wp\/v2\/pages\/68","targetHints":{"allow":["GET"]}}],"collection":[{"href":"https:\/\/opus76.fr\/index.php\/wp-json\/wp\/v2\/pages"}],"about":[{"href":"https:\/\/opus76.fr\/index.php\/wp-json\/wp\/v2\/types\/page"}],"author":[{"embeddable":true,"href":"https:\/\/opus76.fr\/index.php\/wp-json\/wp\/v2\/users\/13"}],"replies":[{"embeddable":true,"href":"https:\/\/opus76.fr\/index.php\/wp-json\/wp\/v2\/comments?post=68"}],"version-history":[{"count":32,"href":"https:\/\/opus76.fr\/index.php\/wp-json\/wp\/v2\/pages\/68\/revisions"}],"predecessor-version":[{"id":744,"href":"https:\/\/opus76.fr\/index.php\/wp-json\/wp\/v2\/pages\/68\/revisions\/744"}],"wp:featuredmedia":[{"embeddable":true,"href":"https:\/\/opus76.fr\/index.php\/wp-json\/"}],"wp:attachment":[{"href":"https:\/\/opus76.fr\/index.php\/wp-json\/wp\/v2\/media?parent=68"}],"curies":[{"name":"wp","href":"https:\/\/api.w.org\/{rel}","templated":true}]}}