{"id":355,"date":"2020-04-13T14:25:45","date_gmt":"2020-04-13T12:25:45","guid":{"rendered":"http:\/\/www.opus76.fr\/?page_id=355"},"modified":"2020-04-22T21:15:49","modified_gmt":"2020-04-22T19:15:49","slug":"lassociation","status":"publish","type":"page","link":"https:\/\/opus76.fr\/index.php\/lassociation\/","title":{"rendered":"L&rsquo;association"},"content":{"rendered":"<p>[et_pb_section fb_built=\u00a0\u00bb1&Prime; _builder_version=\u00a0\u00bb4.4.1&Prime; background_image=\u00a0\u00bbhttps:\/\/opus76.fr\/wp-content\/uploads\/2020\/04\/floupart.png\u00a0\u00bb custom_padding=\u00a0\u00bb27px|||||\u00a0\u00bb][et_pb_row _builder_version=\u00a0\u00bb4.4.1&Prime; border_color_all=\u00a0\u00bb#ffffff\u00a0\u00bb][et_pb_column type=\u00a0\u00bb4_4&Prime; _builder_version=\u00a0\u00bb4.4.1&Prime;][et_pb_text _builder_version=\u00a0\u00bb4.4.1&Prime; border_color_all=\u00a0\u00bbrgba(0,0,0,0)\u00a0\u00bb border_color_right=\u00a0\u00bb#ffffff\u00a0\u00bb inline_fonts=\u00a0\u00bbAbhaya Libre\u00a0\u00bb]<\/p>\n<p><span style=\"text-decoration: underline;font-size: xx-large;color: #ffffff\"><strong>Composition du bureau :<\/strong><\/span><\/p>\n<p><span style=\"text-decoration: underline;font-size: xx-large;color: #ffffff\"><strong><\/strong><\/span><\/p>\n<p><span style=\"font-size: x-large;color: #ffffff\">Pr\u00e9sident : Florent AUDIBERT<\/span><br \/> <span style=\"font-size: x-large;color: #ffffff\"> Vice-pr\u00e9sidents: Fran\u00e7oise DE WIT \/ Jean ARRIGNON<br \/><\/span><\/p>\n<p><span style=\"font-size: x-large;color: #ffffff\">Tr\u00e9sorier : Samuel MAZURE<\/span><br \/> <span style=\"font-size: x-large;color: #ffffff\"> Tr\u00e9sorier adjoint : Jocelyne DECOSSE<br \/><\/span><\/p>\n<p><span style=\"font-size: x-large;color: #ffffff\">Secr\u00e9taire : Daniel LEY<\/span><br \/> <span style=\"font-size: x-large;color: #ffffff\"> Secr\u00e9taire Adjointe : Perrine BUICHE<br \/><\/span><\/p>\n<p><span style=\"font-size: x-large;color: #ffffff\">\u200b<\/span><\/p>\n<p>[\/et_pb_text][\/et_pb_column][\/et_pb_row][\/et_pb_section]<\/p>\n","protected":false},"excerpt":{"rendered":"<p>Composition du bureau : Pr\u00e9sident : Florent AUDIBERT Vice-pr\u00e9sidents: Fran\u00e7oise DE WIT \/ Jean ARRIGNON Tr\u00e9sorier : Samuel MAZURE Tr\u00e9sorier adjoint : Jocelyne DECOSSE Secr\u00e9taire : Daniel LEY Secr\u00e9taire Adjointe [&hellip;]<\/p>\n","protected":false},"author":13,"featured_media":0,"parent":0,"menu_order":0,"comment_status":"closed","ping_status":"closed","template":"","meta":{"_et_pb_use_builder":"on","_et_pb_old_content":"<!-- wp:divi\/placeholder \/-->","_et_gb_content_width":"","footnotes":""},"class_list":["post-355","page","type-page","status-publish","hentry"],"yoast_head":"<!-- This site is optimized with the Yoast SEO plugin v27.2 - https:\/\/yoast.com\/product\/yoast-seo-wordpress\/ -->\n<title>L&#039;association &#8211; Opus76<\/title>\n<meta name=\"robots\" content=\"index, follow, max-snippet:-1, max-image-preview:large, max-video-preview:-1\" \/>\n<link rel=\"canonical\" href=\"https:\/\/opus76.fr\/index.php\/lassociation\/\" \/>\n<meta property=\"og:locale\" content=\"fr_FR\" \/>\n<meta property=\"og:type\" content=\"article\" \/>\n<meta property=\"og:title\" content=\"L&#039;association &#8211; Opus76\" \/>\n<meta property=\"og:description\" content=\"Composition du bureau : Pr\u00e9sident : Florent AUDIBERT Vice-pr\u00e9sidents: Fran\u00e7oise DE WIT \/ Jean ARRIGNON Tr\u00e9sorier : Samuel MAZURE Tr\u00e9sorier adjoint : Jocelyne DECOSSE Secr\u00e9taire : Daniel LEY Secr\u00e9taire Adjointe [&hellip;]\" \/>\n<meta property=\"og:url\" content=\"https:\/\/opus76.fr\/index.php\/lassociation\/\" \/>\n<meta property=\"og:site_name\" content=\"Opus76\" \/>\n<meta property=\"article:publisher\" content=\"https:\/\/fr-fr.facebook.com\/orchestreopus76\/\" \/>\n<meta property=\"article:modified_time\" content=\"2020-04-22T19:15:49+00:00\" \/>\n<meta name=\"twitter:card\" content=\"summary_large_image\" \/>\n<script type=\"application\/ld+json\" class=\"yoast-schema-graph\">{\"@context\":\"https:\/\/schema.org\",\"@graph\":[{\"@type\":\"WebPage\",\"@id\":\"https:\/\/opus76.fr\/index.php\/lassociation\/\",\"url\":\"https:\/\/opus76.fr\/index.php\/lassociation\/\",\"name\":\"L'association &#8211; Opus76\",\"isPartOf\":{\"@id\":\"https:\/\/opus76.fr\/#website\"},\"datePublished\":\"2020-04-13T12:25:45+00:00\",\"dateModified\":\"2020-04-22T19:15:49+00:00\",\"breadcrumb\":{\"@id\":\"https:\/\/opus76.fr\/index.php\/lassociation\/#breadcrumb\"},\"inLanguage\":\"fr-FR\",\"potentialAction\":[{\"@type\":\"ReadAction\",\"target\":[\"https:\/\/opus76.fr\/index.php\/lassociation\/\"]}]},{\"@type\":\"BreadcrumbList\",\"@id\":\"https:\/\/opus76.fr\/index.php\/lassociation\/#breadcrumb\",\"itemListElement\":[{\"@type\":\"ListItem\",\"position\":1,\"name\":\"Accueil\",\"item\":\"https:\/\/opus76.fr\/\"},{\"@type\":\"ListItem\",\"position\":2,\"name\":\"L&rsquo;association\"}]},{\"@type\":\"WebSite\",\"@id\":\"https:\/\/opus76.fr\/#website\",\"url\":\"https:\/\/opus76.fr\/\",\"name\":\"Opus76\",\"description\":\"Orchestre Opus76\",\"publisher\":{\"@id\":\"https:\/\/opus76.fr\/#organization\"},\"potentialAction\":[{\"@type\":\"SearchAction\",\"target\":{\"@type\":\"EntryPoint\",\"urlTemplate\":\"https:\/\/opus76.fr\/?s={search_term_string}\"},\"query-input\":{\"@type\":\"PropertyValueSpecification\",\"valueRequired\":true,\"valueName\":\"search_term_string\"}}],\"inLanguage\":\"fr-FR\"},{\"@type\":\"Organization\",\"@id\":\"https:\/\/opus76.fr\/#organization\",\"name\":\"Opus76\",\"url\":\"https:\/\/opus76.fr\/\",\"logo\":{\"@type\":\"ImageObject\",\"inLanguage\":\"fr-FR\",\"@id\":\"https:\/\/opus76.fr\/#\/schema\/logo\/image\/\",\"url\":\"https:\/\/opus76.fr\/wp-content\/uploads\/2020\/04\/6d92a5_be1233b51c6b4b85602fc07cd2ff4082.jpg\",\"contentUrl\":\"https:\/\/opus76.fr\/wp-content\/uploads\/2020\/04\/6d92a5_be1233b51c6b4b85602fc07cd2ff4082.jpg\",\"width\":1718,\"height\":1330,\"caption\":\"Opus76\"},\"image\":{\"@id\":\"https:\/\/opus76.fr\/#\/schema\/logo\/image\/\"},\"sameAs\":[\"https:\/\/fr-fr.facebook.com\/orchestreopus76\/\",\"https:\/\/www.instagram.com\/orchestreopus76\/\",\"https:\/\/www.youtube.com\/user\/OrchestreOpus76\"]}]}<\/script>\n<!-- \/ Yoast SEO plugin. -->","yoast_head_json":{"title":"L'association &#8211; Opus76","robots":{"index":"index","follow":"follow","max-snippet":"max-snippet:-1","max-image-preview":"max-image-preview:large","max-video-preview":"max-video-preview:-1"},"canonical":"https:\/\/opus76.fr\/index.php\/lassociation\/","og_locale":"fr_FR","og_type":"article","og_title":"L'association &#8211; Opus76","og_description":"Composition du bureau : Pr\u00e9sident : Florent AUDIBERT Vice-pr\u00e9sidents: Fran\u00e7oise DE WIT \/ Jean ARRIGNON Tr\u00e9sorier : Samuel MAZURE Tr\u00e9sorier adjoint : Jocelyne DECOSSE Secr\u00e9taire : Daniel LEY Secr\u00e9taire Adjointe [&hellip;]","og_url":"https:\/\/opus76.fr\/index.php\/lassociation\/","og_site_name":"Opus76","article_publisher":"https:\/\/fr-fr.facebook.com\/orchestreopus76\/","article_modified_time":"2020-04-22T19:15:49+00:00","twitter_card":"summary_large_image","schema":{"@context":"https:\/\/schema.org","@graph":[{"@type":"WebPage","@id":"https:\/\/opus76.fr\/index.php\/lassociation\/","url":"https:\/\/opus76.fr\/index.php\/lassociation\/","name":"L'association &#8211; Opus76","isPartOf":{"@id":"https:\/\/opus76.fr\/#website"},"datePublished":"2020-04-13T12:25:45+00:00","dateModified":"2020-04-22T19:15:49+00:00","breadcrumb":{"@id":"https:\/\/opus76.fr\/index.php\/lassociation\/#breadcrumb"},"inLanguage":"fr-FR","potentialAction":[{"@type":"ReadAction","target":["https:\/\/opus76.fr\/index.php\/lassociation\/"]}]},{"@type":"BreadcrumbList","@id":"https:\/\/opus76.fr\/index.php\/lassociation\/#breadcrumb","itemListElement":[{"@type":"ListItem","position":1,"name":"Accueil","item":"https:\/\/opus76.fr\/"},{"@type":"ListItem","position":2,"name":"L&rsquo;association"}]},{"@type":"WebSite","@id":"https:\/\/opus76.fr\/#website","url":"https:\/\/opus76.fr\/","name":"Opus76","description":"Orchestre Opus76","publisher":{"@id":"https:\/\/opus76.fr\/#organization"},"potentialAction":[{"@type":"SearchAction","target":{"@type":"EntryPoint","urlTemplate":"https:\/\/opus76.fr\/?s={search_term_string}"},"query-input":{"@type":"PropertyValueSpecification","valueRequired":true,"valueName":"search_term_string"}}],"inLanguage":"fr-FR"},{"@type":"Organization","@id":"https:\/\/opus76.fr\/#organization","name":"Opus76","url":"https:\/\/opus76.fr\/","logo":{"@type":"ImageObject","inLanguage":"fr-FR","@id":"https:\/\/opus76.fr\/#\/schema\/logo\/image\/","url":"https:\/\/opus76.fr\/wp-content\/uploads\/2020\/04\/6d92a5_be1233b51c6b4b85602fc07cd2ff4082.jpg","contentUrl":"https:\/\/opus76.fr\/wp-content\/uploads\/2020\/04\/6d92a5_be1233b51c6b4b85602fc07cd2ff4082.jpg","width":1718,"height":1330,"caption":"Opus76"},"image":{"@id":"https:\/\/opus76.fr\/#\/schema\/logo\/image\/"},"sameAs":["https:\/\/fr-fr.facebook.com\/orchestreopus76\/","https:\/\/www.instagram.com\/orchestreopus76\/","https:\/\/www.youtube.com\/user\/OrchestreOpus76"]}]}},"_links":{"self":[{"href":"https:\/\/opus76.fr\/index.php\/wp-json\/wp\/v2\/pages\/355","targetHints":{"allow":["GET"]}}],"collection":[{"href":"https:\/\/opus76.fr\/index.php\/wp-json\/wp\/v2\/pages"}],"about":[{"href":"https:\/\/opus76.fr\/index.php\/wp-json\/wp\/v2\/types\/page"}],"author":[{"embeddable":true,"href":"https:\/\/opus76.fr\/index.php\/wp-json\/wp\/v2\/users\/13"}],"replies":[{"embeddable":true,"href":"https:\/\/opus76.fr\/index.php\/wp-json\/wp\/v2\/comments?post=355"}],"version-history":[{"count":7,"href":"https:\/\/opus76.fr\/index.php\/wp-json\/wp\/v2\/pages\/355\/revisions"}],"predecessor-version":[{"id":465,"href":"https:\/\/opus76.fr\/index.php\/wp-json\/wp\/v2\/pages\/355\/revisions\/465"}],"wp:attachment":[{"href":"https:\/\/opus76.fr\/index.php\/wp-json\/wp\/v2\/media?parent=355"}],"curies":[{"name":"wp","href":"https:\/\/api.w.org\/{rel}","templated":true}]}}