{"id":259,"date":"2020-03-30T20:13:24","date_gmt":"2020-03-30T18:13:24","guid":{"rendered":"http:\/\/192.168.1.6\/wordpress\/?page_id=259"},"modified":"2021-04-28T21:10:04","modified_gmt":"2021-04-28T19:10:04","slug":"mentions-legales","status":"publish","type":"page","link":"https:\/\/opus76.fr\/index.php\/mentions-legales\/","title":{"rendered":"Mentions L\u00e9gales"},"content":{"rendered":"\n<p>En vertu de l&rsquo;article 6 de la loi n\u00b0 2004-575 du 21 juin 2004 pour la confiance dans l&rsquo;\u00e9conomie num\u00e9rique, il est pr\u00e9cis\u00e9 aux utilisateurs du site&nbsp;<a href=\"https:\/\/bahbihf.r.bj.d.sendibt4.com\/tr\/cl\/57uwkPBFkjSUchVqBHwObD1iyjKYP6CfKKgH9eZ9TM5-7E7Ka85CBz9_AU0zkuuuJiXhoLi4ArNES8MtlkSb8ivdbc8bk3Fab5vXSsXJTs-0Kx6NhYPSQ6P8uijbgPV264QYNAXSxLi_guM9uG3DfRNQCQxJR-_sjE_IphDp0iJMc6b-vNHM1ptzalkT0ZnvQHwLvW4ZwzxN\" target=\"_blank\" rel=\"noreferrer noopener\">https:\/\/opus76.fr<\/a>&nbsp;l&rsquo;identit\u00e9 des diff\u00e9rents intervenants dans le cadre de sa r\u00e9alisation et de son suivi :<\/p>\n\n\n\n<p>Le pr\u00e9sent site est \u00e9dit\u00e9 par : OPUS 76 ORCHESTRE UNIVERSITAIRE DE L&rsquo;AGGLOMERATION ROUENNAISE, Association ayant pour num\u00e9ro de SIRET W763006528 et qui est domicili\u00e9e au 39 Bis Rue de Reims, Rouen<br><br><br>Responsable de la publication : 39 Bis Rue de Reims, Rouen, joignable par t\u00e9l\u00e9phone au \/ et par email webmaster@opus76.fr<br><br><br>Webmaster du site: \/, joingnable par t\u00e9l\u00e9phone au \/<br><br><br>H\u00e9bergeur du site: 1 &amp; 1 IONOS SARL, qui est domicil\u00e9 7 PLACE DE LA GARE 57200 Sarreguemines et joignable par t\u00e9l\u00e9phone au 09 70 80 89 11<\/p>\n\n\n\n<h2 class=\"wp-block-heading\">Propri\u00e9t\u00e9 intellectuelle et contrefa\u00e7ons<\/h2>\n\n\n\n<p>L&rsquo;entreprise Opus76 est propri\u00e9taire des droits de propri\u00e9t\u00e9 intellectuelle ou d\u00e9tient les droits d&rsquo;usage sur tous les \u00e9l\u00e9ments accessibles sur le site, notamment : les textes, les images, les graphismes, le logo, les ic\u00f4nes,&#8230;<\/p>\n\n\n\n<p>Toute reproduction, repr\u00e9sentation, modification, publication, adaptation de tout ou partie des \u00e9l\u00e9ments du site, quel que soit le moyen ou le proc\u00e9d\u00e9 utilis\u00e9, est interdite, sauf autorisation \u00e9crite pr\u00e9alable de l&rsquo;entreprise Opus76.<\/p>\n\n\n\n<p>Toute exploitation non autoris\u00e9e du site ou d&rsquo;un quelconque \u00e9l\u00e9ment qu&rsquo;il contient sera consid\u00e9r\u00e9e comme constitutive d&rsquo;une contrefa\u00e7on et poursuivie conform\u00e9ment aux dispositions des articles L.335-2 et suivants du Code de Propri\u00e9t\u00e9 Intellectuelle.<\/p>\n\n\n\n<h2 class=\"wp-block-heading\">Cookies et traceurs<\/h2>\n\n\n\n<p>Le site internet&nbsp;<a href=\"https:\/\/bahbihf.r.bj.d.sendibt4.com\/tr\/cl\/M0K7CPqmfC_TDGASbgCu0qTv6m8kBQQcuCPXHmvU8XcPmBsfIIEjcvc3wYl8b5VXic3PMSk_Q7-98PqP9ZJEw9CvZ6BkLh1Ue2K9DC1Kv0oK2h9Cp_dMbgVzi3IGV3Sch2H3X6fwXKPyJf_uhm43o4-yaUNHp56u4nPPjKhnBrMkulYiqPT5HI15a3vMcRONKmYksYUyMigd\" target=\"_blank\" rel=\"noreferrer noopener\">https:\/\/opus76.fr<\/a>&nbsp;poss\u00e8de un syst\u00e8me de mesure d&rsquo;audience, ainsi qu&rsquo;une fonction de partage sur les r\u00e9seaux sociaux.<\/p>\n\n\n\n<p>En application de la directive europ\u00e9enne dite \u00ab&nbsp;paquet t\u00e9l\u00e9com&nbsp;\u00bb, les internautes doivent \u00eatre inform\u00e9s et donner leur consentement&nbsp;pr\u00e9alablement \u00e0 l&rsquo;insertion de traceurs (plus couramment appel\u00e9s \u00ab&nbsp;cookies&nbsp;\u00bb). Les internautes doivent disposer d&rsquo;une possibilit\u00e9 de choisir de ne pas \u00eatre trac\u00e9s lorsqu&rsquo;ils visitent un site ou utilisent une application. Les \u00e9diteurs de sites internet ont donc l&rsquo;obligation de solliciter au pr\u00e9alable le consentement des utilisateurs.<\/p>\n\n\n\n<p>Le refus d&rsquo;installation d&rsquo;un cookie peut entra\u00eener l&rsquo;impossibilit\u00e9 d&rsquo;acc\u00e9der \u00e0 certains services. L&rsquo;internaute peut toutefois configurer son navigateur internet pour refuser l&rsquo;installation des cookies.<\/p>\n\n\n\n<h3 class=\"wp-block-heading\">Mesure d&rsquo;audience<\/h3>\n\n\n\n<p>Les cookies de mesure d&rsquo;audience sont de petits fichiers qui permettent de connaitre et d&rsquo;analyser les statistiques de trafic sur le site internet : les pages visit\u00e9es, le nombre de visites, le taux de rebond, la provenance des visites,&#8230; Les cookies de mesure d&rsquo;audience sont totalement anonymes.<\/p>\n\n\n\n<p>Sur ce site, c&rsquo;est la solution Google Analytics qui est utilis\u00e9e pour mesurer l&rsquo;audience.<\/p>\n\n\n\n<h3 class=\"wp-block-heading\">R\u00e9seaux sociaux<\/h3>\n\n\n\n<p>Les cookies li\u00e9s aux r\u00e9seaux sociaux sont associ\u00e9s aux boutons qui facilitent le partage des pages et articles sur les r\u00e9seaux sociaux.<\/p>\n\n\n\n<h2 class=\"wp-block-heading\">Formulaire de contact et commentaires<\/h2>\n\n\n\n<p>Vous pouvez \u00eatre amen\u00e9 \u00e0 nous indiquer votre adresse e-mail lorsque vous remplissez notre formulaire de contact ou d\u00e9posez un commentaire sur l&rsquo;un des articles du site site&nbsp;<a href=\"https:\/\/bahbihf.r.bj.d.sendibt4.com\/tr\/cl\/q4zMNqu0GQ6H4IyU8L2QfhqmbdnoXYMooyhubLblvz4ITSxGtIiRSLzFfafHAkM4GjyoBOwZxt-B94nQYDPbdEPyzU5XJpHzFF9m6P0w8AZx5SLOKE_5uBu4U1fbqUvW2lvVsty9Fi1QYmrFf7bA7kygT0AFPWGYSlWzM7LGDlE_3D9gpqP18BvavjqM5zDm5b42RgW5bgKQ\" target=\"_blank\" rel=\"noreferrer noopener\">https:\/\/opus76.fr<\/a>.<\/p>\n\n\n\n<p>En aucun cas, votre adresse e-mail ne sera c\u00e9d\u00e9e \u00e0 des tiers.<\/p>\n\n\n\n<h2 class=\"wp-block-heading\">Mod\u00e9ration des commentaires<\/h2>\n\n\n\n<p>Le choix de validation d&rsquo;un commentaire sur le site&nbsp;<a href=\"https:\/\/bahbihf.r.bj.d.sendibt4.com\/tr\/cl\/e7xRmQTlIsqxAO99csbmkagF6pGryW_m-6T36vDP5SwwU9sHSZXsx0hdOWtb7YZLpjFYM9OTbA3x0-lXkahnmOShecvSaX_JlL9PRlqsv981AFARNMUuyVFIhrx49XNF_BpzkWvO79td_-3W8jKqzF67SY_5bLATa93pMsY2vLU9cQPKW89Bh81diCXyWe_IerRfAJHjA_2v\" target=\"_blank\" rel=\"noreferrer noopener\">https:\/\/opus76.fr<\/a>&nbsp;est laiss\u00e9 \u00e0 l&rsquo;enti\u00e8re appr\u00e9ciation du responsable de publication. Les commentaires peuvent \u00eatre supprim\u00e9s, modifi\u00e9s et corrig\u00e9s pour une meilleure compr\u00e9hension des visiteurs (notamment pour l&rsquo;orthographe).<\/p>\n\n\n\n<p>L&rsquo;internaute peut signer son commentaire de son nom ou pseudo ou nom de son entreprise. Il peut \u00e9galement renseign\u00e9 une URL dans le champ \u00ab&nbsp;site web&nbsp;\u00bb. Ce lien peut ne pas apparaitre si il a \u00e9t\u00e9 jug\u00e9 que le commentaire n&rsquo;apportait pas r\u00e9ellement de plus value \u00e0 l&rsquo;article. Ceci, m\u00eame si le commentaire est publi\u00e9.<\/p>\n\n\n\n<p>Voici des exemples de cas ou un commentaire peut-\u00eatre mod\u00e9r\u00e9 ou supprim\u00e9 :<\/p>\n\n\n\n<ul class=\"wp-block-list\"><li>Il a \u00e9t\u00e9 supprim\u00e9 par l&rsquo;anti-spam<\/li><li>Il n&rsquo;apporte pas r\u00e9ellement de plus value et n&rsquo;est pas utile pour les internautes<\/li><li>Il est truff\u00e9 de fautes d&rsquo;orthographe ou incompr\u00e9hensible<\/li><li>Il semble \u00eatre d\u00e9pos\u00e9 uniquement dans un but auto-promotionnel<\/li><li>Le mail indiqu\u00e9 est visiblement faux<\/li><li>Il est jug\u00e9 diffamatoire pour un tiers<\/li><\/ul>\n\n\n\n<h2 class=\"wp-block-heading\">Newsletter<\/h2>\n\n\n\n<p>Vous pouvez vous abonner \u00e0 la newsletter du site. Vous recevez alors automatiquement et gratuitement des newsletters traitants les sujets du site&nbsp;<a href=\"https:\/\/bahbihf.r.bj.d.sendibt4.com\/tr\/cl\/vsiaj0k_M7ZM2sBscL4ingqBQlCqgmV7fyh6DXQZY9hrEJUYiZzsXGFx932IVNAJIjgTtpWu8valPtw5h6udmHxrQolJvFVwKMpzmg2s7IOO8uNgvTTT_UJmDrRwlKvVvc0rSSglNIPBKMsGPAZCeTZiqLw_NQ9vG0szDELOsjFw5muOumO52ceVxqCuk3ZNAK1Dg77dkqZH\" target=\"_blank\" rel=\"noreferrer noopener\">https:\/\/opus76.fr<\/a>.<\/p>\n\n\n\n<p>Vous pouvez vous d\u00e9sinscrire \u00e0 tout moment de la newsletter&nbsp;en cliquant sur le lien de d\u00e9sabonnement pr\u00e9sent en bas de chaque newsletter.<\/p>\n\n\n\n<p>En aucun cas, votre adresse e-mail ne sera c\u00e9d\u00e9e \u00e0 des tiers.<\/p>\n\n\n\n<h2 class=\"wp-block-heading\">Liens hypertextes<\/h2>\n\n\n\n<p>Ce site internet contient un certain nombre de liens hypertextes vers d&rsquo;autres sites. Cependant,&nbsp;<a href=\"https:\/\/bahbihf.r.bj.d.sendibt4.com\/tr\/cl\/OV_EvLoRH64qhK3q062WGXXXoWVQy2bi-rAzmdHFAClQzrS1WtSvAiXTI4f-z4x63-ke9rblAax5ooxy6dy9a09pW4yMHeybXw7BMCM8WAY87jGOko9tUC8YNwQdQRy8u5MwJKeaes6QUC0NGsC_gL3uD5sy5WYMRD4XuyfW2ufcih8o-Ygrwdi0neYmNly9Thx6l-12eTFM\" target=\"_blank\" rel=\"noreferrer noopener\">https:\/\/opus76.fr<\/a>&nbsp;n&rsquo;a pas la possibilit\u00e9 de suivre et v\u00e9rifier le contenu de ces sites, et n&rsquo;assumera en cons\u00e9quence aucune responsabilit\u00e9 de ce fait.<\/p>\n\n\n\n<h2 class=\"wp-block-heading\">Flux RSS<\/h2>\n\n\n\n<p>Les flux RSS sont exclusivement destin\u00e9s aux visiteurs du site pour une utilisation personnelle et ne sauraient en aucun cas servir \u00e0 alimenter d&rsquo;autres sites, sauf autorisation \u00e9crite pr\u00e9alable de&nbsp;<a href=\"https:\/\/bahbihf.r.bj.d.sendibt4.com\/tr\/cl\/4_t3w5dxy59Z4EDU4FJVI4yD3mSVD0Cjgb_C1NVh8KZQdyo7dMIW4yECc44ALxjvw2T0VBSXY0zV-osGyaaxatUUefiDrL5CB8tXDgJ32T2Si1skHa8wTfeFi3Ml19FZTsGElr00NjswPEk24T9kXK1btI-5ubx0Syejx0M586KuT6k7rajO1PO928z-bqPbRMe2bvJKKGei\" target=\"_blank\" rel=\"noreferrer noopener\">https:\/\/opus76.fr<\/a>.<\/p>\n","protected":false},"excerpt":{"rendered":"<p>En vertu de l&rsquo;article 6 de la loi n\u00b0 2004-575 du 21 juin 2004 pour la confiance dans l&rsquo;\u00e9conomie num\u00e9rique, il est pr\u00e9cis\u00e9 aux utilisateurs du site&nbsp;https:\/\/opus76.fr&nbsp;l&rsquo;identit\u00e9 des diff\u00e9rents intervenants [&hellip;]<\/p>\n","protected":false},"author":13,"featured_media":0,"parent":0,"menu_order":0,"comment_status":"closed","ping_status":"closed","template":"","meta":{"_et_pb_use_builder":"off","_et_pb_old_content":"","_et_gb_content_width":"","footnotes":""},"class_list":["post-259","page","type-page","status-publish","hentry"],"yoast_head":"<!-- This site is optimized with the Yoast SEO plugin v27.2 - https:\/\/yoast.com\/product\/yoast-seo-wordpress\/ -->\n<title>Mentions L\u00e9gales &#8211; Opus76<\/title>\n<meta name=\"robots\" content=\"index, follow, max-snippet:-1, max-image-preview:large, max-video-preview:-1\" \/>\n<link rel=\"canonical\" href=\"https:\/\/opus76.fr\/index.php\/mentions-legales\/\" \/>\n<meta property=\"og:locale\" content=\"fr_FR\" \/>\n<meta property=\"og:type\" content=\"article\" \/>\n<meta property=\"og:title\" content=\"Mentions L\u00e9gales &#8211; Opus76\" \/>\n<meta property=\"og:description\" content=\"En vertu de l&rsquo;article 6 de la loi n\u00b0 2004-575 du 21 juin 2004 pour la confiance dans l&rsquo;\u00e9conomie num\u00e9rique, il est pr\u00e9cis\u00e9 aux utilisateurs du site&nbsp;https:\/\/opus76.fr&nbsp;l&rsquo;identit\u00e9 des diff\u00e9rents intervenants [&hellip;]\" \/>\n<meta property=\"og:url\" content=\"https:\/\/opus76.fr\/index.php\/mentions-legales\/\" \/>\n<meta property=\"og:site_name\" content=\"Opus76\" \/>\n<meta property=\"article:publisher\" content=\"https:\/\/fr-fr.facebook.com\/orchestreopus76\/\" \/>\n<meta property=\"article:modified_time\" content=\"2021-04-28T19:10:04+00:00\" \/>\n<meta name=\"twitter:card\" content=\"summary_large_image\" \/>\n<meta name=\"twitter:label1\" content=\"Dur\u00e9e de lecture estim\u00e9e\" \/>\n\t<meta name=\"twitter:data1\" content=\"4 minutes\" \/>\n<script type=\"application\/ld+json\" class=\"yoast-schema-graph\">{\"@context\":\"https:\/\/schema.org\",\"@graph\":[{\"@type\":\"WebPage\",\"@id\":\"https:\/\/opus76.fr\/index.php\/mentions-legales\/\",\"url\":\"https:\/\/opus76.fr\/index.php\/mentions-legales\/\",\"name\":\"Mentions L\u00e9gales &#8211; Opus76\",\"isPartOf\":{\"@id\":\"https:\/\/opus76.fr\/#website\"},\"datePublished\":\"2020-03-30T18:13:24+00:00\",\"dateModified\":\"2021-04-28T19:10:04+00:00\",\"breadcrumb\":{\"@id\":\"https:\/\/opus76.fr\/index.php\/mentions-legales\/#breadcrumb\"},\"inLanguage\":\"fr-FR\",\"potentialAction\":[{\"@type\":\"ReadAction\",\"target\":[\"https:\/\/opus76.fr\/index.php\/mentions-legales\/\"]}]},{\"@type\":\"BreadcrumbList\",\"@id\":\"https:\/\/opus76.fr\/index.php\/mentions-legales\/#breadcrumb\",\"itemListElement\":[{\"@type\":\"ListItem\",\"position\":1,\"name\":\"Accueil\",\"item\":\"https:\/\/opus76.fr\/\"},{\"@type\":\"ListItem\",\"position\":2,\"name\":\"Mentions L\u00e9gales\"}]},{\"@type\":\"WebSite\",\"@id\":\"https:\/\/opus76.fr\/#website\",\"url\":\"https:\/\/opus76.fr\/\",\"name\":\"Opus76\",\"description\":\"Orchestre Opus76\",\"publisher\":{\"@id\":\"https:\/\/opus76.fr\/#organization\"},\"potentialAction\":[{\"@type\":\"SearchAction\",\"target\":{\"@type\":\"EntryPoint\",\"urlTemplate\":\"https:\/\/opus76.fr\/?s={search_term_string}\"},\"query-input\":{\"@type\":\"PropertyValueSpecification\",\"valueRequired\":true,\"valueName\":\"search_term_string\"}}],\"inLanguage\":\"fr-FR\"},{\"@type\":\"Organization\",\"@id\":\"https:\/\/opus76.fr\/#organization\",\"name\":\"Opus76\",\"url\":\"https:\/\/opus76.fr\/\",\"logo\":{\"@type\":\"ImageObject\",\"inLanguage\":\"fr-FR\",\"@id\":\"https:\/\/opus76.fr\/#\/schema\/logo\/image\/\",\"url\":\"https:\/\/opus76.fr\/wp-content\/uploads\/2020\/04\/6d92a5_be1233b51c6b4b85602fc07cd2ff4082.jpg\",\"contentUrl\":\"https:\/\/opus76.fr\/wp-content\/uploads\/2020\/04\/6d92a5_be1233b51c6b4b85602fc07cd2ff4082.jpg\",\"width\":1718,\"height\":1330,\"caption\":\"Opus76\"},\"image\":{\"@id\":\"https:\/\/opus76.fr\/#\/schema\/logo\/image\/\"},\"sameAs\":[\"https:\/\/fr-fr.facebook.com\/orchestreopus76\/\",\"https:\/\/www.instagram.com\/orchestreopus76\/\",\"https:\/\/www.youtube.com\/user\/OrchestreOpus76\"]}]}<\/script>\n<!-- \/ Yoast SEO plugin. -->","yoast_head_json":{"title":"Mentions L\u00e9gales &#8211; Opus76","robots":{"index":"index","follow":"follow","max-snippet":"max-snippet:-1","max-image-preview":"max-image-preview:large","max-video-preview":"max-video-preview:-1"},"canonical":"https:\/\/opus76.fr\/index.php\/mentions-legales\/","og_locale":"fr_FR","og_type":"article","og_title":"Mentions L\u00e9gales &#8211; Opus76","og_description":"En vertu de l&rsquo;article 6 de la loi n\u00b0 2004-575 du 21 juin 2004 pour la confiance dans l&rsquo;\u00e9conomie num\u00e9rique, il est pr\u00e9cis\u00e9 aux utilisateurs du site&nbsp;https:\/\/opus76.fr&nbsp;l&rsquo;identit\u00e9 des diff\u00e9rents intervenants [&hellip;]","og_url":"https:\/\/opus76.fr\/index.php\/mentions-legales\/","og_site_name":"Opus76","article_publisher":"https:\/\/fr-fr.facebook.com\/orchestreopus76\/","article_modified_time":"2021-04-28T19:10:04+00:00","twitter_card":"summary_large_image","twitter_misc":{"Dur\u00e9e de lecture estim\u00e9e":"4 minutes"},"schema":{"@context":"https:\/\/schema.org","@graph":[{"@type":"WebPage","@id":"https:\/\/opus76.fr\/index.php\/mentions-legales\/","url":"https:\/\/opus76.fr\/index.php\/mentions-legales\/","name":"Mentions L\u00e9gales &#8211; Opus76","isPartOf":{"@id":"https:\/\/opus76.fr\/#website"},"datePublished":"2020-03-30T18:13:24+00:00","dateModified":"2021-04-28T19:10:04+00:00","breadcrumb":{"@id":"https:\/\/opus76.fr\/index.php\/mentions-legales\/#breadcrumb"},"inLanguage":"fr-FR","potentialAction":[{"@type":"ReadAction","target":["https:\/\/opus76.fr\/index.php\/mentions-legales\/"]}]},{"@type":"BreadcrumbList","@id":"https:\/\/opus76.fr\/index.php\/mentions-legales\/#breadcrumb","itemListElement":[{"@type":"ListItem","position":1,"name":"Accueil","item":"https:\/\/opus76.fr\/"},{"@type":"ListItem","position":2,"name":"Mentions L\u00e9gales"}]},{"@type":"WebSite","@id":"https:\/\/opus76.fr\/#website","url":"https:\/\/opus76.fr\/","name":"Opus76","description":"Orchestre Opus76","publisher":{"@id":"https:\/\/opus76.fr\/#organization"},"potentialAction":[{"@type":"SearchAction","target":{"@type":"EntryPoint","urlTemplate":"https:\/\/opus76.fr\/?s={search_term_string}"},"query-input":{"@type":"PropertyValueSpecification","valueRequired":true,"valueName":"search_term_string"}}],"inLanguage":"fr-FR"},{"@type":"Organization","@id":"https:\/\/opus76.fr\/#organization","name":"Opus76","url":"https:\/\/opus76.fr\/","logo":{"@type":"ImageObject","inLanguage":"fr-FR","@id":"https:\/\/opus76.fr\/#\/schema\/logo\/image\/","url":"https:\/\/opus76.fr\/wp-content\/uploads\/2020\/04\/6d92a5_be1233b51c6b4b85602fc07cd2ff4082.jpg","contentUrl":"https:\/\/opus76.fr\/wp-content\/uploads\/2020\/04\/6d92a5_be1233b51c6b4b85602fc07cd2ff4082.jpg","width":1718,"height":1330,"caption":"Opus76"},"image":{"@id":"https:\/\/opus76.fr\/#\/schema\/logo\/image\/"},"sameAs":["https:\/\/fr-fr.facebook.com\/orchestreopus76\/","https:\/\/www.instagram.com\/orchestreopus76\/","https:\/\/www.youtube.com\/user\/OrchestreOpus76"]}]}},"_links":{"self":[{"href":"https:\/\/opus76.fr\/index.php\/wp-json\/wp\/v2\/pages\/259","targetHints":{"allow":["GET"]}}],"collection":[{"href":"https:\/\/opus76.fr\/index.php\/wp-json\/wp\/v2\/pages"}],"about":[{"href":"https:\/\/opus76.fr\/index.php\/wp-json\/wp\/v2\/types\/page"}],"author":[{"embeddable":true,"href":"https:\/\/opus76.fr\/index.php\/wp-json\/wp\/v2\/users\/13"}],"replies":[{"embeddable":true,"href":"https:\/\/opus76.fr\/index.php\/wp-json\/wp\/v2\/comments?post=259"}],"version-history":[{"count":2,"href":"https:\/\/opus76.fr\/index.php\/wp-json\/wp\/v2\/pages\/259\/revisions"}],"predecessor-version":[{"id":655,"href":"https:\/\/opus76.fr\/index.php\/wp-json\/wp\/v2\/pages\/259\/revisions\/655"}],"wp:attachment":[{"href":"https:\/\/opus76.fr\/index.php\/wp-json\/wp\/v2\/media?parent=259"}],"curies":[{"name":"wp","href":"https:\/\/api.w.org\/{rel}","templated":true}]}}